{"id":15,"date":"2026-04-22T10:03:22","date_gmt":"2026-04-22T08:03:22","guid":{"rendered":"https:\/\/instalaterlitomerice.josefsnabl.cz\/?page_id=15"},"modified":"2026-04-22T21:54:04","modified_gmt":"2026-04-22T19:54:04","slug":"martin-kriz-instalater-topenar-litomerice","status":"publish","type":"page","link":"https:\/\/instalaterlitomerice.josefsnabl.cz\/","title":{"rendered":"Martin K\u0159\u00ed\u017e | Instalat\u00e9r, topen\u00e1\u0159 | Litom\u011b\u0159ice"},"content":{"rendered":"<main id='bde-main'><section class=\"bde-section-15-114 bde-section\">\n  \n  \n\t\n\n\n\n<div class=\"section-container\"><div class=\"bde-div-15-289 bde-div\">\n  \n  \n\t\n\n\n\n<div class=\"bde-animated-heading-15-379 bde-animated-heading\">\n<h2 class=\"bde-animated-heading__text\">\n\t<span>Martin K\u0159\u00ed\u017e<\/span>\n\n\t<span class=\"bde-animated-heading__wrapper\"><\/span>\n\n\n\n\n<\/h2>\n\n<noscript>\n      <h2 class=\"bde-animated-heading__noscript\">\n      <span>Martin K\u0159\u00ed\u017e<\/span>\n      instalat\u00e9r\n      <span><\/span>\n    <\/h2>\n      <h2 class=\"bde-animated-heading__noscript\">\n      <span>Martin K\u0159\u00ed\u017e<\/span>\n      topen\u00e1\u0159\n      <span><\/span>\n    <\/h2>\n  <\/noscript>\n<\/div><h1 class=\"bde-heading-15-118 bde-heading\">\nOpravy, mont\u00e1\u017ee, rekonstrukce.<br>\u0158e\u0161en\u00ed hav\u00e1ri\u00ed.\n<\/h1><div class=\"bde-text-15-119 bde-text\">\nV\u00fdjezdy po Litom\u011b\u0159ic\u00edch a okol\u00ed, f\u00e9rov\u00e9 ceny a poctiv\u00e1 pr\u00e1ce.\n<\/div><div class=\"bde-div-15-266 bde-div\">\n  \n  \n\t\n\n\n\n<div class=\"bde-button-15-120 bde-button\">\n        \n    \n    \n    \n    \n            \n                    \n            \n            \n\n    \n    \n    \n    \n    \n    <a class=\"breakdance-link button-atom button-atom--custom bde-button__button\" href=\"tel:+420775848250\" target=\"_blank\" data-type=\"contact\"  >\n\n    \n        <span class=\"button-atom__text\">Zavolat<\/span>\n\n                            \n        \n                <\/a>\n\n    \n\n\n<\/div><div class=\"bde-button-15-267 bde-button\">\n        \n    \n    \n    \n    \n            \n                    \n            \n            \n\n    \n    \n    \n    \n    \n    <a class=\"breakdance-link button-atom button-atom--custom bde-button__button\" href=\"mailto:info@instalaterlitomerice.cz?subject=Popt\u00e1v\u00e1m instalat\u00e9rsk\u00e9 pr\u00e1ce&body=\" target=\"_self\" data-type=\"contact\"  >\n\n    \n        <span class=\"button-atom__text\">Nez\u00e1vazn\u00e1 popt\u00e1vka<\/span>\n\n                            \n        \n                <\/a>\n\n    \n\n\n<\/div>\n<\/div><div class=\"bde-star-rating-15-268 bde-star-rating\">\n\n\n<div class='bde-star-rating__label' >\n  Hodnocen\u00ed: 4,7<\/div>\n\n  <div class='bde-star-rating__wrapper'>\n    <svg aria-hidden=\"true\" focusable=\"false\" data-prefix=\"fas\"  role=\"img\" xmlns=\"http:\/\/www.w3.org\/2000\/svg\" viewBox=\"0 0 576 512\" class=\"svg-inline--fa fa-star fa-w-18 fa-2x\"><path d=\"M259.3 17.8L194 150.2 47.9 171.5c-26.2 3.8-36.7 36.1-17.7 54.6l105.7 103-25 145.5c-4.5 26.3 23.2 46 46.4 33.7L288 439.6l130.7 68.7c23.2 12.2 50.9-7.4 46.4-33.7l-25-145.5 105.7-103c19-18.5 8.5-50.8-17.7-54.6L382 150.2 316.7 17.8c-11.7-23.6-45.6-23.9-57.4 0z\" class=\"\"><\/path><\/svg>\n    <svg aria-hidden=\"true\" focusable=\"false\" data-prefix=\"fas\"  role=\"img\" xmlns=\"http:\/\/www.w3.org\/2000\/svg\" viewBox=\"0 0 576 512\" class=\"svg-inline--fa fa-star fa-w-18 fa-2x\"><path d=\"M259.3 17.8L194 150.2 47.9 171.5c-26.2 3.8-36.7 36.1-17.7 54.6l105.7 103-25 145.5c-4.5 26.3 23.2 46 46.4 33.7L288 439.6l130.7 68.7c23.2 12.2 50.9-7.4 46.4-33.7l-25-145.5 105.7-103c19-18.5 8.5-50.8-17.7-54.6L382 150.2 316.7 17.8c-11.7-23.6-45.6-23.9-57.4 0z\" class=\"\"><\/path><\/svg>\n    <svg aria-hidden=\"true\" focusable=\"false\" data-prefix=\"fas\"  role=\"img\" xmlns=\"http:\/\/www.w3.org\/2000\/svg\" viewBox=\"0 0 576 512\" class=\"svg-inline--fa fa-star fa-w-18 fa-2x\"><path d=\"M259.3 17.8L194 150.2 47.9 171.5c-26.2 3.8-36.7 36.1-17.7 54.6l105.7 103-25 145.5c-4.5 26.3 23.2 46 46.4 33.7L288 439.6l130.7 68.7c23.2 12.2 50.9-7.4 46.4-33.7l-25-145.5 105.7-103c19-18.5 8.5-50.8-17.7-54.6L382 150.2 316.7 17.8c-11.7-23.6-45.6-23.9-57.4 0z\" class=\"\"><\/path><\/svg>\n    <svg aria-hidden=\"true\" focusable=\"false\" data-prefix=\"fas\"  role=\"img\" xmlns=\"http:\/\/www.w3.org\/2000\/svg\" viewBox=\"0 0 576 512\" class=\"svg-inline--fa fa-star fa-w-18 fa-2x\"><path d=\"M259.3 17.8L194 150.2 47.9 171.5c-26.2 3.8-36.7 36.1-17.7 54.6l105.7 103-25 145.5c-4.5 26.3 23.2 46 46.4 33.7L288 439.6l130.7 68.7c23.2 12.2 50.9-7.4 46.4-33.7l-25-145.5 105.7-103c19-18.5 8.5-50.8-17.7-54.6L382 150.2 316.7 17.8c-11.7-23.6-45.6-23.9-57.4 0z\" class=\"\"><\/path><\/svg>\n    <svg aria-hidden=\"true\" focusable=\"false\" data-prefix=\"fas\"  role=\"img\" xmlns=\"http:\/\/www.w3.org\/2000\/svg\" viewBox=\"0 0 576 512\" class=\"svg-inline--fa fa-star fa-w-18 fa-2x\"><path d=\"M259.3 17.8L194 150.2 47.9 171.5c-26.2 3.8-36.7 36.1-17.7 54.6l105.7 103-25 145.5c-4.5 26.3 23.2 46 46.4 33.7L288 439.6l130.7 68.7c23.2 12.2 50.9-7.4 46.4-33.7l-25-145.5 105.7-103c19-18.5 8.5-50.8-17.7-54.6L382 150.2 316.7 17.8c-11.7-23.6-45.6-23.9-57.4 0z\" class=\"\"><\/path><\/svg>\n  <\/div>\n\n\n\n<svg width=\"0\" height=\"0\">\n<linearGradient id=\"starhalf268\" x1=\"0\" x2=\"100%\" y1=\"0\" y2=\"0\">\n        <stop offset=\"70%\" stop-color=\"orange\"><\/stop>\n \t\t<stop offset=\"70%\" stop-color=\"lightgrey\"><\/stop>\n<\/linearGradient>\n<\/svg>\n\n<\/div>\n<\/div><img decoding=\"async\" class=\"bde-image2-15-295 bde-image2\" src=\"https:\/\/instalaterlitomerice.josefsnabl.cz\/wp-content\/uploads\/2026\/04\/2026-03-01-500-500.webp\" loading=\"lazy\"><\/div>\n<\/section><section class=\"bde-section-15-362 bde-section\">\n  \n  \n\t\n\n\n\n<div class=\"section-container\"><div class=\"bde-text-15-363 bde-text\">\nHAV\u00c1RIE SEKCE\n<\/div><\/div>\n<\/section><section class=\"bde-section-15-364 bde-section\">\n  \n  \n\t\n\n\n\n<div class=\"section-container\"><div class=\"bde-text-15-365 bde-text\">\nSLU\u017dBY\n<\/div><\/div>\n<\/section><section class=\"bde-section-15-366 bde-section\">\n  \n  \n\t\n\n\n\n<div class=\"section-container\"><div class=\"bde-text-15-367 bde-text\">\nJAK PROB\u00cdH\u00c1 SPOLUPR\u00c1CE\n<\/div><\/div>\n<\/section><section class=\"bde-section-15-368 bde-section\">\n  \n  \n\t\n\n\n\n<div class=\"section-container\"><div class=\"bde-text-15-369 bde-text\">\nREFERENCE\n<\/div><\/div>\n<\/section><section class=\"bde-section-15-370 bde-section\">\n  \n  \n\t\n\n\n\n<div class=\"section-container\"><div class=\"bde-text-15-371 bde-text\">\nLOKALITY\n<\/div><\/div>\n<\/section><section class=\"bde-section-15-372 bde-section\">\n  \n  \n\t\n\n\n\n<div class=\"section-container\"><div class=\"bde-text-15-373 bde-text\">\nPATI\u010cKA\n<\/div><\/div>\n<\/section><\/main>","protected":false},"excerpt":{"rendered":"<p>Martin K\u0159\u00ed\u017e Martin K\u0159\u00ed\u017e instalat\u00e9r Martin K\u0159\u00ed\u017e topen\u00e1\u0159 Opravy, mont\u00e1\u017ee, rekonstrukce.\u0158e\u0161en\u00ed hav\u00e1ri\u00ed. V\u00fdjezdy po Litom\u011b\u0159ic\u00edch a okol\u00ed, f\u00e9rov\u00e9 ceny a poctiv\u00e1 pr\u00e1ce. Zavolat Nez\u00e1vazn\u00e1 popt\u00e1vka Hodnocen\u00ed: 4,7 HAV\u00c1RIE SEKCE SLU\u017dBY JAK PROB\u00cdH\u00c1 SPOLUPR\u00c1CE REFERENCE LOKALITY PATI\u010cKA<\/p>\n","protected":false},"author":1,"featured_media":0,"parent":0,"menu_order":0,"comment_status":"closed","ping_status":"closed","template":"","meta":{"_breakdance_hide_in_design_set":false,"_breakdance_tags":"","footnotes":""},"class_list":["post-15","page","type-page","status-publish","hentry"],"_links":{"self":[{"href":"https:\/\/instalaterlitomerice.josefsnabl.cz\/index.php?rest_route=\/wp\/v2\/pages\/15","targetHints":{"allow":["GET"]}}],"collection":[{"href":"https:\/\/instalaterlitomerice.josefsnabl.cz\/index.php?rest_route=\/wp\/v2\/pages"}],"about":[{"href":"https:\/\/instalaterlitomerice.josefsnabl.cz\/index.php?rest_route=\/wp\/v2\/types\/page"}],"author":[{"embeddable":true,"href":"https:\/\/instalaterlitomerice.josefsnabl.cz\/index.php?rest_route=\/wp\/v2\/users\/1"}],"replies":[{"embeddable":true,"href":"https:\/\/instalaterlitomerice.josefsnabl.cz\/index.php?rest_route=%2Fwp%2Fv2%2Fcomments&post=15"}],"version-history":[{"count":30,"href":"https:\/\/instalaterlitomerice.josefsnabl.cz\/index.php?rest_route=\/wp\/v2\/pages\/15\/revisions"}],"predecessor-version":[{"id":74,"href":"https:\/\/instalaterlitomerice.josefsnabl.cz\/index.php?rest_route=\/wp\/v2\/pages\/15\/revisions\/74"}],"wp:attachment":[{"href":"https:\/\/instalaterlitomerice.josefsnabl.cz\/index.php?rest_route=%2Fwp%2Fv2%2Fmedia&parent=15"}],"curies":[{"name":"wp","href":"https:\/\/api.w.org\/{rel}","templated":true}]}}